{"id":948,"date":"2019-10-17T12:44:23","date_gmt":"2019-10-17T10:44:23","guid":{"rendered":"https:\/\/annasabate.com\/?page_id=948"},"modified":"2019-10-17T12:44:24","modified_gmt":"2019-10-17T10:44:24","slug":"politica-de-cookies","status":"publish","type":"page","link":"https:\/\/annasabate.com\/ca\/politica-de-cookies\/","title":{"rendered":"Pol\u00edtica de cookies"},"content":{"rendered":"\n<p>Al web\u00a0<strong>www.annasabate.com<\/strong>\u00a0(en adelante, el Sitio Web) utilizamos cookies para facilitar la relaci\u00f3n de los visitantes con nuestro contenido y para permitir elaborar estad\u00edsticas sobre las visitantes que recibimos.<\/p>\n\n\n\n<p>utilitzem cookies per a facilitar la relaci\u00f3 dels visitants amb el nostre contingut i per permetre elaborar estad\u00edstiques sobre les visitants que rebem.<\/p>\n\n\n\n<p>L\u2019informem que podem utilitzar cookies amb la finalitat de facilitar la seva navegaci\u00f3 a trav\u00e9s del lloc web, distingir-d\u2019altres usuaris, proporcionar-li una millor experi\u00e8ncia en l\u2019\u00fas del mateix, i identificar problemes per millorar el nostre lloc web. Aix\u00ed mateix, en cas que presti el seu consentiment, utilitzarem cookies que ens permetin obtenir m\u00e9s informaci\u00f3 sobre les seves prefer\u00e8ncies i personalitzar el nostre lloc web de conformitat amb els seus interessos individuals.<\/p>\n\n\n\n<p><strong>Qu\u00e8 s\u00f3n les cookies?<\/strong><\/p>\n\n\n\n<p>Es denominen cookies a uns petits arxius que es graven en el navegador utilitzat per cada visitant del nostre web perqu\u00e8 el servidor pugui recordar la visita d\u2019aquest usuari amb posterioritat quan torni a accedir als nostres continguts. Aquesta informaci\u00f3 no revela la seva identitat, ni dada personal, ni accedeix al contingut emmagatzemat en el seu pc, per\u00f2 s\u00ed que permet al nostre sistema identificar a vost\u00e8 com un usuari determinat que ja va visitar la web amb anterioritat, va visualitzar determinades p\u00e0gines, etc. I a m\u00e9s permet guardar les seves prefer\u00e8ncies personals i informaci\u00f3 t\u00e8cnica com ara les visites realitzades o p\u00e0gines concretes que visiti.<\/p>\n\n\n\n<p>En compliment de la Directiva 2009\/136 \/ CE, desenvolupada en el nostre ordenament per l\u2019apartat segon de l\u2019article 22 de la Llei de Serveis de Societat de la Informaci\u00f3, seguint les directrius de l\u2019Ag\u00e8ncia Espanyola de Protecci\u00f3 de Dades, procedim a informar-detalladament del \u00fas que es realitza al nostre web.<\/p>\n\n\n\n<p>La present pol\u00edtica de cookies t\u00e9 per finalitat informar de manera clara i precisa sobre les cookies que s\u2019utilitzen en el nostre lloc web (la \u201cPol\u00edtica de Cookies\u201d). Respecte de les cookies de tercers, \u00e9s a dir aquelles que s\u00f3n alienes al nostre lloc web, no podem fer-nos responsables del contingut i veracitat de les pol\u00edtiques de privacitat que ells inclouen de manera que la informaci\u00f3 que li oferim \u00e9s sempre amb refer\u00e8ncia a la font.<\/p>\n\n\n\n<p>A continuaci\u00f3, es realitza una classificaci\u00f3 de les cookies en funci\u00f3 d\u2019una s\u00e8rie de categories. No obstant aix\u00f2, cal tenir en compte que una mateixa galeta pot estar inclosa en m\u00e9s d\u2019una categoria.<\/p>\n\n\n\n<p><strong>Tipus de cookies segons l\u2019entitat que les gestiona<\/strong><\/p>\n\n\n\n<p>\u2013 Cookies pr\u00f2pies: S\u00f3n aquelles que s\u2019envien a l\u2019equip terminal de l\u2019usuari des d\u2019un equip o domini gestionat pel propi editor i des del qual es presta el servei sol\u00b7licitat per l\u2019usuari.<\/p>\n\n\n\n<p>\u2013 Cookies de tercers: S\u00f3n aquelles que s\u2019envien a l\u2019equip terminal de l\u2019usuari des d\u2019un equip o domini que no \u00e9s gestionat per l\u2019editor, sin\u00f3 per una altra entitat que tracta les dades<\/p>\n\n\n\n<p><strong>Tipus de cookies segons el termini de temps que romanen actives<\/strong><\/p>\n\n\n\n<p>\u2013 Cookies de sessi\u00f3: S\u00f3n un tipus de cookies dissenyades per a demanar i emmagatzemar dades mentre l\u2019usuari accedeix a una p\u00e0gina web.<\/p>\n\n\n\n<p>\u2013 Cookies persistents: S\u00f3n un tipus de cookies en el qual les dades segueixen emmagatzemats en el terminal i poden ser accedits i tractats durant un per\u00edode definit pel responsable de la cookies, i que pot anar d\u2019uns minuts a diversos anys.<\/p>\n\n\n\n<p><strong>Tipus de Cookies segons la seva finalitat<\/strong><\/p>\n\n\n\n<p>\u2013 Cookies t\u00e8cniques: Aquelles que permeten a l\u2019usuari la navegaci\u00f3 a trav\u00e9s d\u2019una p\u00e0gina web, plataforma o aplicaci\u00f3 i la utilitzaci\u00f3 de les diferents opcions o serveis que en ella hi hagi com, per exemple, controlar el tr\u00e0nsit i la comunicaci\u00f3 de dades, identificar la sessi\u00f3, accedir a parts d\u2019acc\u00e9s restringit, recordar els elements que integren una comanda, realitzar el proc\u00e9s de compra d\u2019una comanda, realitzar la sol\u00b7licitud d\u2019inscripci\u00f3 o participaci\u00f3 en un esdeveniment, utilitzar elements de seguretat durant la navegaci\u00f3, emmagatzemar continguts per a la difusi\u00f3 de v\u00eddeos o so o compartir continguts a trav\u00e9s de xarxes socials.<\/p>\n\n\n\n<p>\u2013 Cookies de personalitzaci\u00f3: S\u00f3n aquelles que permeten a l\u2019usuari accedir al servei amb algunes caracter\u00edstiques de car\u00e0cter general predefinides en funci\u00f3 d\u2019una s\u00e8rie de criteris en el terminal de l\u2019usuari com ara serien l\u2019idioma, el tipus de navegador mitjan\u00e7ant el qual s\u2019accedeix al servei, la configuraci\u00f3 regional des d\u2019on s\u2019accedeix al servei, etc.<\/p>\n\n\n\n<p>\u2013 Cookies d\u2019an\u00e0lisi: S\u00f3n aquelles que permeten al responsable de les mateixes, el seguiment i an\u00e0lisi del comportament dels usuaris dels llocs web als que estan vinculades. La informaci\u00f3 recollida mitjan\u00e7ant aquest tipus de cookies s\u2019utilitza en el mesurament de l\u2019activitat dels llocs web, aplicaci\u00f3 o plataforma i per a l\u2019elaboraci\u00f3 de perfils de navegaci\u00f3 dels usuaris d\u2019aquests llocs, aplicacions i plataformes, per tal d\u2019introduir millores en funci\u00f3 de l\u2019an\u00e0lisi de les dades d\u2019\u00fas que fan els usuaris del servei.<\/p>\n\n\n\n<p>Pel que fa al tractament de dades demanades a trav\u00e9s de les cookies d\u2019an\u00e0lisi, tot i que no estan exemptes del deure d\u2019obtenir un consentiment informat per al seu \u00fas, \u00e9s poc probable que representin un risc per a la privacitat dels usuaris sempre que es tracti de cookies de primera part, que tractin dades agregades amb una finalitat estrictament estad\u00edstica, que es faciliti informaci\u00f3 sobre els seus \u00fas i s\u2019inclogui la possibilitat que els usuaris manifestin la seva negativa sobre la seva utilitzaci\u00f3.<\/p>\n\n\n\n<p>\u2013 Cookies publicit\u00e0ries: S\u00f3n aquelles que permeten la gesti\u00f3, de la forma m\u00e9s efica\u00e7 possible, dels espais publicitaris que, si escau, l\u2019editor hagi incl\u00f2s en una p\u00e0gina web, aplicaci\u00f3 o plataforma des de la qual presta el servei sol\u00b7licitat basant-se criteris com el contingut editat o la freq\u00fc\u00e8ncia en qu\u00e8 es mostren els anuncis.<\/p>\n\n\n\n<p>\u2013 Cookies de publicitat comportamental: S\u00f3n aquelles que permeten la gesti\u00f3, de la forma m\u00e9s efica\u00e7 possible, dels espais publicitaris que, si escau, l\u2019editor hagi incl\u00f2s en una p\u00e0gina web, aplicaci\u00f3 o plataforma des de la qual presta el servei sol\u00b7licitat. Aquestes cookies emmagatzemen informaci\u00f3 del comportament dels usuaris obtinguda a trav\u00e9s de l\u2019observaci\u00f3 continuada dels seus h\u00e0bits de navegaci\u00f3, el que permet desenvolupar un perfil espec\u00edfic per a mostrar publicitat en funci\u00f3 del mateix.<\/p>\n\n\n\n<p>Actualment, la majoria dels navegadors v\u00e9nen configurats per defecte per bloquejar la instal\u00b7laci\u00f3 de cookies de publicitat o tercers en el seu equip. L\u2019usuari pot ampliar les restriccions d\u2019origen, impedint l\u2019entrada de qualsevol tipus de cookies, o eliminar aquestes restriccions, acceptant l\u2019entrada de qualsevol tipus de cookies. Si est\u00e0 interessat en admetre cookies de publicitat o de tercers, podr\u00e0 configurar el seu navegador a aquest fi.<\/p>\n\n\n\n<p>L\u2019acceptaci\u00f3 realitzada per l\u2019usuari, fent clic al bot\u00f3 de ACCEPTAR mostrat en la informaci\u00f3 inicial sobre cookies, implica que est\u00e0 consentint expressament al responsable per a la seva utilitzaci\u00f3, podent exercir els seus drets i revocar el seu consentiment en qualsevol moment, mitjan\u00e7ant sol\u00b7licitud a ANNA SABAT\u00c9 HUETE.<\/p>\n\n\n\n<p>A continuaci\u00f3, l\u2019informem detalladament totes les cookies que podrien arribar a instal\u00b7lar-se des del nostre lloc web. En funci\u00f3 de la seva navegaci\u00f3, de la configuraci\u00f3 del seu navegador i de l\u2019acceptaci\u00f3 o rebuig de les mateixes, podran instal\u00b7lar-se totes o nom\u00e9s algunes d\u2019elles.<\/p>\n\n\n\n<table class=\"wp-block-table\"><tbody><tr><th>Nomb<\/th><th>Gestor<\/th><th>Domini<\/th><th>Prove\u00efdor<\/th><th>Durada<\/th><th>Finalitat<\/th><th>Exemta<\/th><\/tr><tr><td>__utma<\/td><td>Tercers<\/td><td>google.com<\/td><td>google.com<\/td><td>Persistent (dos anys a partir de la configuraci\u00f3 o actualitzaci\u00f3)<\/td><td>s\u2019usa per a distingir usuaris i sessions. La galeta es crea quan s\u2019executa la biblioteca JavaSript i no hi ha cap galeta __utma. La galeta s\u2019actualitza cada vegada que s\u2019envien dades a google analytics<\/td><td>No<\/td><\/tr><tr><td>__utmb<\/td><td>Tercers<\/td><td>google.com<\/td><td>google.com<\/td><td>Persistent (30 minuts a partit de la configuracio o actualitzaci\u00f3)<\/td><td>Es fa servir per determinar noves sessions o visites. La galeta es crea quan s\u2019executa la biblioteca JavaScript i no hi ha cap galeta __utmb. La galeta s\u2019actualitza cada vegada que s\u2019envien dades a google analytics<\/td><td>No<\/td><\/tr><tr><td>__utmc<\/td><td>Tercers<\/td><td>google.com<\/td><td>google.com<\/td><td>Persistent (fi de la sessi\u00f3 del navegador)<\/td><td>no s\u2019usa en ga.js. Es configura per interactuar amb urchin.js. Anteriorment, aquesta galeta actuava juntament amb la galeta ___utmb per determinar si el ususrio estava en una nova sessi\u00f3 o visita<\/td><td>No<\/td><\/tr><tr><td>__ utmt<\/td><td>Tercers<\/td><td>google.com<\/td><td>google.com<\/td><td>Persistent (10 minuts)<\/td><td>s\u2019usa per limitar el percentatge de sol\u00b7licituds<\/td><td>No<\/td><\/tr><tr><td>__utmv<\/td><td>Tercers<\/td><td>google.com<\/td><td>google. com<\/td><td>Persistent (dos anys a partir de la configuraci\u00f3 o actualitzaci\u00f3)<\/td><td>Es fa servir per emmagatzemar dades variables personalitzables de visitant. Aquesta galeta es crea quan un programador fa servir el m\u00e8tode setCustomeVar amb una variable personalitzada de visitant. Tamb\u00e9 es feia servir per al m\u00e8tode setVar retirat. La galeta s\u2019actualitza cada vegada que s\u2019envien dades a google anaytics<\/td><td>No<\/td><\/tr><tr><td>__utmx<\/td><td>Tercers<\/td><td>google.com<\/td><td>google.com<\/td><td>Persistent (18 mesos)<\/td><td>s\u2019usa per a determinar la inclusi\u00f3 d\u2019un usuari en un experimeinto<\/td><td>No<\/td><\/tr><tr><td>__utmxx<\/td><td>Tercers<\/td><td>google.com<\/td><td>google.com<\/td><td>Persistent (18 mesos)<\/td><td>s\u2019usa per a determinar la caducitat dels experiments en qu\u00e8 s\u2019ha incl\u00f2s a un usuari<\/td><td>No<\/td><\/tr><tr><td>__utmz<\/td><td>Tercers<\/td><td>google.com<\/td><td>google.com<\/td><td>Persistent (6 mesos a partir de la configuraci\u00f3 o actualitzaci\u00f3)<\/td><td>Emmagatzema la font de tr\u00e0nsit o la campanya que explica com ha arribat a l\u2019usuari al lloc. La galeta es crea quan s\u2019executa la biblioteca javaScript i s\u2019actualitza cada vegada que s\u2019envien dades a google Analytics<\/td><td>No<\/td><\/tr><tr><td>_ga<\/td><td>Tercers<\/td><td>google.com<\/td><td>google.com<\/td><td>Persistent (2 anys)<\/td><td>s\u2019usa per a distingir als usuaris<\/td><td>No<\/td><\/tr><tr><td>_gat<\/td><td>Tercers<\/td><td>google.com<\/td><td>google.com<\/td><td>Persistent (10 minuts)<\/td><td>s\u2019usa per limitar el percentatge de sol\u00b7licituds<\/td><td>No<\/td><\/tr><\/tbody><\/table>\n\n\n\n<p>Es posible que actualicemos la Pol\u00edtica de Cookies de nuestro Sitio Web, por ello le recomendamos revisar esta pol\u00edtica cada vez que acceda a nuestro Sitio Web con el objetivo de estar adecuadamente informado sobre c\u00f3mo y para qu\u00e9 usamos las cookies<\/p>\n\n\n\n<p>\u00c9s possible que actualitzem la Pol\u00edtica de Cookies del nostre lloc web, per aix\u00f2 li recomanem revisar aquesta pol\u00edtica cada vegada que accedeixi al nostre Lloc Web amb l\u2019objectiu d\u2019estar adequadament informat sobre com i per a qu\u00e8 fem servir les galetes<\/p>\n\n\n\n<p>La finalitat de les cookies \u00e9s la de facilitar a l\u2019Usuari un acc\u00e9s m\u00e9s r\u00e0pid als Serveis seleccionats.<\/p>\n\n\n\n<p>Si vost\u00e8 no desitja que es guardin cookies o prefereix rebre una informaci\u00f3 cada vegada que una galeta sol\u00b7liciti instal\u00b7lar-se, per configurar els vostres opcions de navegaci\u00f3 perqu\u00e8 es faci d\u2019aquesta forma. La major part dels navegadors permeten la gesti\u00f3 de les cookies de 3 formes diferents:<\/p>\n\n\n\n<ul class=\"wp-block-list\"><li>Les cookies s\u00f3n sempre rebutjades;<\/li><li>El navegador pregunta si l\u2019usuari vol instal\u00b7lar cada cookies;<\/li><li>Les cookies s\u00f3n sempre acceptades;<\/li><\/ul>\n\n\n\n<p>El seu navegador tamb\u00e9 pot incloure la possibilitat de seleccionar amb detall les cookies que desitja que s\u2019instal\u00b7lin al seu ordinador. En concret, l\u2019usuari pot normalment acceptar alguna de les seg\u00fcents opcions:<\/p>\n\n\n\n<ul class=\"wp-block-list\"><li>Rebutjar les cookies de determinats dominis;<\/li><li>Rebutjar les cookies de tercers;<\/li><li>Accepta cookies com no persistents (s\u2019eliminen quan el navegador es tanca);<\/li><li>Permetre al servidor crear cookies per un domini diferent.<\/li><\/ul>\n\n\n\n<p>Per permetre, con\u00e8ixer, bloquejar o eliminar les cookies instal\u00b7lades en el seu equip pot fer-ho mitjan\u00e7ant la configuraci\u00f3 de les opcions del navegador en el vostre ordinador.<\/p>\n\n\n\n<p>Podeu trobar informaci\u00f3 sobre com configurar els navegadors m\u00e9s usats en les seg\u00fcents ubicacions:<\/p>\n\n\n\n<ul class=\"wp-block-list\"><li>Internet Explorer: Eines -&gt; Opcions d\u2019Internet -&gt; Privacitat -&gt; Configuraci\u00f3. Per a m\u00e9s informaci\u00f3, pot consultar el suport de Microsoft o l\u2019Ajuda del navegador.<\/li><li>Firefox: Eines -&gt; Opcions -&gt; Privadesa -&gt; Hist\u00f2ric -&gt; Configuraci\u00f3 Personalitzada. Per a m\u00e9s informaci\u00f3, podeu consultar el suport de Mozilla o l\u2019Ajuda del navegador.<\/li><li>Chrome: Configuraci\u00f3 -&gt; Mostra opcions avan\u00e7ades -&gt; Privadesa -&gt; Configuraci\u00f3 de contingut. Per a m\u00e9s informaci\u00f3, podeu consultar el suport de Google o l\u2019Ajuda del navegador.<\/li><li>Safari: Prefer\u00e8ncies -&gt; Seguretat. Per a m\u00e9s informaci\u00f3, pot consultar el suport d\u2019Apple o l\u2019Ajuda del navegador.<\/li><\/ul>\n\n\n\n<p>La finalidad de las cookies es la de facilitar al Usuario un acceso m\u00e1s r\u00e1pido a los Servicios seleccionados.<\/p>\n\n\n\n<p>Si usted no desea que se guarden cookies en su navegador o prefiere recibir una informaci\u00f3n cada vez que una cookie solicite instalarse, puede configurar sus opciones de navegaci\u00f3n para que se haga de esa forma. La mayor parte de los navegadores permiten la gesti\u00f3n de las cookies de 3 formas diferentes:<\/p>\n\n\n\n<ul class=\"wp-block-list\"><li>Las cookies son siempre rechazadas;<\/li><li>El navegador pregunta si el usuario desea instalar cada cookie;<\/li><li>Las cookies son siempre aceptadas;<\/li><\/ul>\n\n\n\n<p>Su navegador tambi\u00e9n puede incluir la posibilidad de seleccionar con detalle las cookies que desea que se instalen en su ordenador. En concreto, el usuario puede normalmente aceptar alguna de las siguientes opciones:<\/p>\n\n\n\n<ul class=\"wp-block-list\"><li>Rechazar las cookies de determinados dominios;<\/li><li>Rechazar las cookies de terceros;<\/li><li>Aceptar cookies como no persistentes (se eliminan cuando el navegador se cierra);<\/li><li>Permitir al servidor crear cookies para un dominio diferente.<\/li><\/ul>\n\n\n\n<p>Para permitir, conocer, bloquear o eliminar las cookies instaladas en su equipo puede hacerlo mediante la configuraci\u00f3n de las opciones del navegador instalado en su ordenador.<\/p>\n\n\n\n<p>Puede encontrar informaci\u00f3n sobre c\u00f3mo configurar los navegadores m\u00e1s usados en las siguientes ubicaciones:<\/p>\n\n\n\n<ul class=\"wp-block-list\"><li>Internet Explorer: Herramientas -&gt; Opciones de Internet -&gt; Privacidad -&gt; Configuraci\u00f3n. Para m\u00e1s informaci\u00f3n, puede consultar el soporte de Microsoft o la Ayuda del navegador.<\/li><li>Firefox: Herramientas -&gt; Opciones -&gt; Privacidad -&gt; Historial -&gt; Configuraci\u00f3n Personalizada. Para m\u00e1s informaci\u00f3n, puede consultar el soporte de Mozilla o la Ayuda del navegador.<\/li><li>Chrome: Configuraci\u00f3n -&gt; Mostrar opciones avanzadas -&gt; Privacidad -&gt; Configuraci\u00f3n de contenido. Para m\u00e1s informaci\u00f3n, puede consultar el soporte de Google o la Ayuda del navegador.<\/li><li>Safari: Preferencias -&gt; Seguridad. Para m\u00e1s informaci\u00f3n, puede consultar el soporte de Apple o la Ayuda del navegador.<\/li><\/ul>\n","protected":false},"excerpt":{"rendered":"<p>Al web\u00a0www.annasabate.com\u00a0(en adelante, el Sitio Web) utilizamos cookies para facilitar la relaci\u00f3n de los visitantes con nuestro contenido y para permitir elaborar estad\u00edsticas sobre las visitantes que recibimos. utilitzem cookies per a facilitar la relaci\u00f3 dels visitants amb el nostre contingut i per permetre elaborar estad\u00edstiques sobre les visitants que rebem. L\u2019informem que podem utilitzar [&hellip;]<\/p>\n","protected":false},"author":1,"featured_media":0,"parent":0,"menu_order":0,"comment_status":"closed","ping_status":"closed","template":"","meta":{"site-sidebar-layout":"default","site-content-layout":"default","ast-site-content-layout":"default","site-content-style":"default","site-sidebar-style":"default","ast-global-header-display":"","ast-banner-title-visibility":"","ast-main-header-display":"","ast-hfb-above-header-display":"","ast-hfb-below-header-display":"","ast-hfb-mobile-header-display":"","site-post-title":"","ast-breadcrumbs-content":"","ast-featured-img":"","footer-sml-layout":"","theme-transparent-header-meta":"default","adv-header-id-meta":"","stick-header-meta":"","header-above-stick-meta":"","header-main-stick-meta":"","header-below-stick-meta":"","astra-migrate-meta-layouts":"default","ast-page-background-enabled":"default","ast-page-background-meta":{"desktop":{"background-color":"","background-image":"","background-repeat":"repeat","background-position":"center center","background-size":"auto","background-attachment":"scroll","background-type":"","background-media":"","overlay-type":"","overlay-color":"","overlay-opacity":"","overlay-gradient":""},"tablet":{"background-color":"","background-image":"","background-repeat":"repeat","background-position":"center center","background-size":"auto","background-attachment":"scroll","background-type":"","background-media":"","overlay-type":"","overlay-color":"","overlay-opacity":"","overlay-gradient":""},"mobile":{"background-color":"","background-image":"","background-repeat":"repeat","background-position":"center center","background-size":"auto","background-attachment":"scroll","background-type":"","background-media":"","overlay-type":"","overlay-color":"","overlay-opacity":"","overlay-gradient":""}},"ast-content-background-meta":{"desktop":{"background-color":"var(--ast-global-color-5)","background-image":"","background-repeat":"repeat","background-position":"center center","background-size":"auto","background-attachment":"scroll","background-type":"","background-media":"","overlay-type":"","overlay-color":"","overlay-opacity":"","overlay-gradient":""},"tablet":{"background-color":"var(--ast-global-color-5)","background-image":"","background-repeat":"repeat","background-position":"center center","background-size":"auto","background-attachment":"scroll","background-type":"","background-media":"","overlay-type":"","overlay-color":"","overlay-opacity":"","overlay-gradient":""},"mobile":{"background-color":"var(--ast-global-color-5)","background-image":"","background-repeat":"repeat","background-position":"center center","background-size":"auto","background-attachment":"scroll","background-type":"","background-media":"","overlay-type":"","overlay-color":"","overlay-opacity":"","overlay-gradient":""}},"footnotes":""},"class_list":["post-948","page","type-page","status-publish","hentry"],"_links":{"self":[{"href":"https:\/\/annasabate.com\/ca\/wp-json\/wp\/v2\/pages\/948","targetHints":{"allow":["GET"]}}],"collection":[{"href":"https:\/\/annasabate.com\/ca\/wp-json\/wp\/v2\/pages"}],"about":[{"href":"https:\/\/annasabate.com\/ca\/wp-json\/wp\/v2\/types\/page"}],"author":[{"embeddable":true,"href":"https:\/\/annasabate.com\/ca\/wp-json\/wp\/v2\/users\/1"}],"replies":[{"embeddable":true,"href":"https:\/\/annasabate.com\/ca\/wp-json\/wp\/v2\/comments?post=948"}],"version-history":[{"count":0,"href":"https:\/\/annasabate.com\/ca\/wp-json\/wp\/v2\/pages\/948\/revisions"}],"wp:attachment":[{"href":"https:\/\/annasabate.com\/ca\/wp-json\/wp\/v2\/media?parent=948"}],"curies":[{"name":"wp","href":"https:\/\/api.w.org\/{rel}","templated":true}]}}