{"id":946,"date":"2019-10-17T12:42:28","date_gmt":"2019-10-17T10:42:28","guid":{"rendered":"https:\/\/annasabate.com\/?page_id=946"},"modified":"2019-10-28T19:27:27","modified_gmt":"2019-10-28T18:27:27","slug":"politica-de-privacitat","status":"publish","type":"page","link":"https:\/\/annasabate.com\/ca\/politica-de-privacitat\/","title":{"rendered":"Pol\u00edtica de privacitat"},"content":{"rendered":"\n<p>En el marc de la relaci\u00f3 de prestaci\u00f3 de serveis en l\u2019\u00e0mbit de la Llei Org\u00e0nica 3\/2018, de 5 de desembre, de Protecci\u00f3 de Dades Personals i garantia dels drets digitals, del Reial Decret 1720\/2007, de 21 de desembre, pel qual s\u2019aprova el Reglament de desenvolupament de la mateixa, aix\u00ed com en el Reglament (UE) 2016\/679 del Parlament Europeu i del Consell, de 27 d\u2019abril de 2016, relatiu a la protecci\u00f3 de les persones f\u00edsiques pel que fa al tractament de dades personals, pel qual es deroga la directiva 95\/46 \/ CE (d\u2019ara endavant, RGPD), de la Llei 34\/2002, de 11 de juliol, de serveis de la societat de la informaci\u00f3 i de comer\u00e7 electr\u00f2nic ( en endavant, LSSI-CE) i de la Llei Org\u00e0nica 3\/2018, de protecci\u00f3 de dades personals i garantia dels drets digitals ANNA SABAT\u00c9 HUETE garanteix la protecci\u00f3 i confidencialitat de les dades personals, de qualsevol tipus que ens proporcionin els nostres clients, de acord amb el que disposa el Reglament General de Protecci\u00f3 de Dades de Car\u00e0cter Personal.<\/p>\n\n\n\n<p>La Pol\u00edtica de Protecci\u00f3 de Dades de ANNA SABAT\u00c9 HUETE descansa en el principi de responsabilitat proactiva, segons el qual el responsable del tractament \u00e9s responsable del compliment del marc normatiu i jurisprudencial, sent capa\u00e7 de demostrar-davant les autoritats de control corresponents.<\/p>\n\n\n\n<p>Les dades facilitades seran tractades en els termes establerts en el RGPD, en aquest sentit ANNA SABAT\u00c9 HUETE ha adoptat els nivells de protecci\u00f3 que legalment s\u2019exigeixen, i ha instal\u00b7lat totes les mesures t\u00e8cniques al seu abast per evitar la p\u00e8rdua, mal \u00fas, alteraci\u00f3, acc\u00e9s no autoritzat per tercers, exposats a continuaci\u00f3. No obstant, l\u2019usuari ha de ser conscient que les mesures de seguretat a Internet no s\u00f3n inexpugnables.<\/p>\n\n\n\n<p><strong>Responsable del tractament: Qui som?<\/strong><\/p>\n\n\n\n<ul class=\"wp-block-list\"><li>Denominaci\u00f3: ANNA SABAT\u00c9 HUETE<\/li><li>CIF: 39708047L<\/li><li>Activitat:<\/li><li>Direcci\u00f3: Carrer Saragossa 116, 08006, BARCELONA<\/li><li>Tel\u00e8fon: 645645270<\/li><li>Correu electr\u00f2nic:<a href=\"mailto:maria@teatroyconsciencia.com\"> anna@teatroyconsciencia.com<\/a><\/li><\/ul>\n\n\n\n<p><strong>Finalitat del tractament: Per a qu\u00e8 farem servir les seves dades?<\/strong><\/p>\n\n\n\n<p>Totes les dades facilitades pels nostres clients i \/ o visitants al web d\u2019ANNA SABAT\u00c9 HUETE o al seu personal, seran incloses en registre d\u2019activitats de tractament de dades de car\u00e0cter personal, creat i mantingut sota la responsabilitat d\u2019ANNA SABAT\u00c9 HUETE, imprescindibles per a prestar els serveis sol\u00b7licitats pels usuaris, o per resoldre els dubtes o q\u00fcestions plantejades pels nostres visitants. La nostra pol\u00edtica \u00e9s no elaborar perfils sobre els usuaris dels nostres serveis.<\/p>\n\n\n\n<p><strong>Legitimitat del tractament: Per qu\u00e8 necessitem les seves dades?<\/strong><\/p>\n\n\n\n<p><strong>a)<\/strong>&nbsp;Relaci\u00f3 contractual: \u00c9s la que s\u2019aplica quan compra un dels nostres productes o contracta algun dels nostres serveis.<\/p>\n\n\n\n<p><strong>b)<\/strong>&nbsp;Inter\u00e8s leg\u00edtim: Per atendre les consultes i reclamacions que ens plantegi i per gestionar el cobrament de les quantitats degudes.<\/p>\n\n\n\n<p><strong>c)<\/strong>&nbsp;El seu consentiment: Si \u00e9s usuari de la nostra web, mitjan\u00e7ant la marcaci\u00f3 de la casella que figura en el formulari de contacte, ens autoritza a que li remetem les comunicacions necess\u00e0ries per donar resposta a la consulta o sol\u00b7licitud d\u2019informaci\u00f3 plantejada.<\/p>\n\n\n\n<p><strong>Destinataris: Amb qui compartim les seves dades?<\/strong><\/p>\n\n\n\n<p>No cedim les seves dades personals a ning\u00fa, a excepci\u00f3 d\u2019aquelles entitats p\u00fabliques o privades a les quals estiguem obligats a facilitar les seves dades personals amb motiu del compliment d\u2019alguna llei. Per posar un exemple, la Llei Tribut\u00e0ria obliga a facilitar a l\u2019Ag\u00e8ncia Tribut\u00e0ria determinada informaci\u00f3 sobre operacions econ\u00f2miques que superin una determinada quantitat.<\/p>\n\n\n\n<p>En el cas que, al marge dels sup\u00f2sits comentats, necessitem donar a con\u00e8ixer la seva informaci\u00f3 personal a altres entitats, li demanarem pr\u00e8viament el seu perm\u00eds a trav\u00e9s d\u2019opcions clares que li permetran decidir a aix\u00f2.<\/p>\n\n\n\n<p><strong>Comunicaci\u00f3: On podr\u00edem enviar les teves dades?<\/strong><\/p>\n\n\n\n<p>No farem transfer\u00e8ncies internacionals de les seves dades personals per a cap de les finalitats indicades.<\/p>\n\n\n\n<p><strong>Conservaci\u00f3: Quant de temps mantindrem les teves dades?<\/strong><\/p>\n\n\n\n<p>Nom\u00e9s conservarem les seves dades personals durant el temps que sigui necessari per assolir els fins per als quals van ser recollides. A l\u2019hora de determinar l\u2019oport\u00fa per\u00edode de conservaci\u00f3, examinem els riscos que comporta el tractament, aix\u00ed com les nostres obligacions contractuals, legals i normatives, les pol\u00edtiques internes de conservaci\u00f3 de dades i els nostres interessos de negoci leg\u00edtims descrits en el present Av\u00eds de Privadesa i pol\u00edtica de galetes.<\/p>\n\n\n\n<p>En aquest sentit, ANNA SABAT\u00c9 HUETE conservar\u00e0 les dades personals un cop acabada la seva relaci\u00f3 amb Un., Degudament bloquejades, durant el termini de prescripci\u00f3 de les accions que puguin derivar de la relaci\u00f3 mantinguda amb l\u2019interessat.<\/p>\n\n\n\n<p>Un cop bloquejats, les seves dades seran inaccessibles per ANNA SABAT\u00c9 HUETE, i no seran tractats excepte per a la seva posada a disposici\u00f3 a les administracions p\u00fabliques, jutges i tribunals, per a l\u2019atenci\u00f3 de les possibles responsabilitats nascudes dels tractaments, aix\u00ed com per a l\u2019exercici i defensa de reclamacions davant l\u2019Ag\u00e8ncia Espanyola de Protecci\u00f3 de Dades.<\/p>\n\n\n\n<p><strong>Seguretat: Com anem a protegir les seves dades?<\/strong><\/p>\n\n\n\n<p>Fem servir tots els esfor\u00e7os raonables per mantenir la confidencialitat de la informaci\u00f3 personal que es tracti en els nostres sistemes. Mantenim estrictes nivells de seguretat per protegir les dades de car\u00e0cter personal que processem enfront de p\u00e8rdues fortu\u00eftes i a accessos, tractaments o revelacions no autoritzats, tenint en compte l\u2019estat de la tecnologia, la naturalesa i els riscos a qu\u00e8 estan exposats les dades. No obstant aix\u00f2, no podem responsabilitzar de l\u2019\u00fas que Un. Faci de les dades (incl\u00f2s usuari i contrasenya) que utilitzi al nostre web. El nostre personal segueix estrictes normes de privacitat i en el cas que contractem a tercers per a prestar serveis de suport, els exigim que acatin les mateixes normes i ens permetin auditar-les per verificar el seu compliment.<\/p>\n\n\n\n<p><strong>Els seus drets: Quins drets pot exercir com a interessat?<\/strong><\/p>\n\n\n\n<p>L\u2019informem que podr\u00e0 exercir els seg\u00fcents drets:<\/p>\n\n\n\n<p><strong>a)<\/strong>&nbsp;Dret d\u2019acc\u00e9s a les seves dades personals, per saber quines estan sent objecte de tractament i les operacions de tractament portades a terme amb ells;<\/p>\n\n\n\n<p><strong>b)<\/strong>&nbsp;Dret de rectificaci\u00f3 de qualsevol dada personal inexacte;<\/p>\n\n\n\n<p><strong>c)<\/strong>&nbsp;Dret de supressi\u00f3 de les seves dades personals, quan aix\u00f2 sigui possible (per exemple, per imperatiu legal);<\/p>\n\n\n\n<p><strong>d)<\/strong>&nbsp;Dret de limitaci\u00f3 del tractament de les seves dades personals quan l\u2019exactitud, la legalitat o la necessitat del tractament de les dades resulti dubtosa, en aquest cas, podrem conservar-los per a l\u2019exercici o la defensa de reclamacions.<\/p>\n\n\n\n<p><strong>e)<\/strong>&nbsp;Dret d\u2019oposici\u00f3 al tractament de les seves dades personals, quan la base legal que ens habiliti per al seu tractament de les indicades sigui el nostre inter\u00e8s leg\u00edtim. ANNA SABAT\u00c9 HUETE deixar\u00e0 de tractar les teves dades llevat que tingui un inter\u00e8s leg\u00edtim o sigui necessari per a la defensa de reclamacions.<\/p>\n\n\n\n<p><strong>f)<\/strong>&nbsp;Dret a la portabilitat de les dades, quan la base legal que ens habiliti per al seu tractament sigui l\u2019exist\u00e8ncia d\u2019una relaci\u00f3 contractual o el seu consentiment.<\/p>\n\n\n\n<p><strong>g)<\/strong>&nbsp;Dret a revocar el consentiment atorgat a ANNA SABAT\u00c9 HUETE<\/p>\n\n\n\n<p>Per exercitar els seus drets, pot fer-ho de manera gratu\u00efta i en qualsevol moment, contactant amb nosaltres a l\u2019adre\u00e7a Carrer Saragossa 116, 08006, BARCELONA, adjuntant c\u00f2pia del seu DNI.<\/p>\n\n\n\n<p><strong>Tutela de drets: On pot formular una reclamaci\u00f3?<\/strong><\/p>\n\n\n\n<p>En el cas que entengui que els seus drets han estat desatesos per la nostra entitat, pot formular una reclamaci\u00f3 a l\u2019Ag\u00e8ncia Espanyola de Protecci\u00f3 de Dades, a trav\u00e9s d\u2019algun dels mitjans seg\u00fcents:<\/p>\n\n\n\n<ul class=\"wp-block-list\"><li>Seu electr\u00f2nica:&nbsp;<a href=\"https:\/\/www.aepd.es\/\">https:\/\/www.aepd.es<\/a><\/li><li>Correu postal: Ag\u00e8ncia Espanyola de Protecci\u00f3 de Dades, C \/ Jorge Juan, 6, 28001, Madrid<\/li><li>Tel\u00e8fon: 901.100.099 i 912.663.517<\/li><\/ul>\n\n\n\n<p>Fer una reclamaci\u00f3 a l\u2019Ag\u00e8ncia Espanyola de Protecci\u00f3 de Dades no comporta cap cost i no \u00e9s necess\u00e0ria l\u2019assist\u00e8ncia d\u2019advocat ni procurador.<\/p>\n\n\n\n<p><strong>Actualitzacions: Quins canvis hi pot haver en aquesta Pol\u00edtica de privadesa?<\/strong><\/p>\n\n\n\n<p>ANNA SABAT\u00c9 HUETE es reserva el dret a modificar la present pol\u00edtica per adaptar-la a novetats legislatives o jurisprudencials que puguin afectar el compliment de la mateixa.<\/p>\n\n\n\n<p>A fi de garantir el compliment de la normativa sobre protecci\u00f3 de dades de car\u00e0cter personal, ANNA SABAT\u00c9 HUETE ha rebut els serveis de consultoria i assessorament per part de&nbsp;<a href=\"https:\/\/clickdatos.es\/\">clickDatos<\/a>.<\/p>\n","protected":false},"excerpt":{"rendered":"<p>En el marc de la relaci\u00f3 de prestaci\u00f3 de serveis en l\u2019\u00e0mbit de la Llei Org\u00e0nica 3\/2018, de 5 de desembre, de Protecci\u00f3 de Dades Personals i garantia dels drets digitals, del Reial Decret 1720\/2007, de 21 de desembre, pel qual s\u2019aprova el Reglament de desenvolupament de la mateixa, aix\u00ed com en el Reglament (UE) [&hellip;]<\/p>\n","protected":false},"author":1,"featured_media":0,"parent":0,"menu_order":0,"comment_status":"closed","ping_status":"open","template":"","meta":{"site-sidebar-layout":"default","site-content-layout":"default","ast-site-content-layout":"default","site-content-style":"default","site-sidebar-style":"default","ast-global-header-display":"","ast-banner-title-visibility":"","ast-main-header-display":"","ast-hfb-above-header-display":"","ast-hfb-below-header-display":"","ast-hfb-mobile-header-display":"","site-post-title":"","ast-breadcrumbs-content":"","ast-featured-img":"","footer-sml-layout":"","theme-transparent-header-meta":"default","adv-header-id-meta":"","stick-header-meta":"","header-above-stick-meta":"","header-main-stick-meta":"","header-below-stick-meta":"","astra-migrate-meta-layouts":"default","ast-page-background-enabled":"default","ast-page-background-meta":{"desktop":{"background-color":"","background-image":"","background-repeat":"repeat","background-position":"center center","background-size":"auto","background-attachment":"scroll","background-type":"","background-media":"","overlay-type":"","overlay-color":"","overlay-opacity":"","overlay-gradient":""},"tablet":{"background-color":"","background-image":"","background-repeat":"repeat","background-position":"center center","background-size":"auto","background-attachment":"scroll","background-type":"","background-media":"","overlay-type":"","overlay-color":"","overlay-opacity":"","overlay-gradient":""},"mobile":{"background-color":"","background-image":"","background-repeat":"repeat","background-position":"center center","background-size":"auto","background-attachment":"scroll","background-type":"","background-media":"","overlay-type":"","overlay-color":"","overlay-opacity":"","overlay-gradient":""}},"ast-content-background-meta":{"desktop":{"background-color":"var(--ast-global-color-5)","background-image":"","background-repeat":"repeat","background-position":"center center","background-size":"auto","background-attachment":"scroll","background-type":"","background-media":"","overlay-type":"","overlay-color":"","overlay-opacity":"","overlay-gradient":""},"tablet":{"background-color":"var(--ast-global-color-5)","background-image":"","background-repeat":"repeat","background-position":"center center","background-size":"auto","background-attachment":"scroll","background-type":"","background-media":"","overlay-type":"","overlay-color":"","overlay-opacity":"","overlay-gradient":""},"mobile":{"background-color":"var(--ast-global-color-5)","background-image":"","background-repeat":"repeat","background-position":"center center","background-size":"auto","background-attachment":"scroll","background-type":"","background-media":"","overlay-type":"","overlay-color":"","overlay-opacity":"","overlay-gradient":""}},"footnotes":""},"class_list":["post-946","page","type-page","status-publish","hentry"],"_links":{"self":[{"href":"https:\/\/annasabate.com\/ca\/wp-json\/wp\/v2\/pages\/946","targetHints":{"allow":["GET"]}}],"collection":[{"href":"https:\/\/annasabate.com\/ca\/wp-json\/wp\/v2\/pages"}],"about":[{"href":"https:\/\/annasabate.com\/ca\/wp-json\/wp\/v2\/types\/page"}],"author":[{"embeddable":true,"href":"https:\/\/annasabate.com\/ca\/wp-json\/wp\/v2\/users\/1"}],"replies":[{"embeddable":true,"href":"https:\/\/annasabate.com\/ca\/wp-json\/wp\/v2\/comments?post=946"}],"version-history":[{"count":0,"href":"https:\/\/annasabate.com\/ca\/wp-json\/wp\/v2\/pages\/946\/revisions"}],"wp:attachment":[{"href":"https:\/\/annasabate.com\/ca\/wp-json\/wp\/v2\/media?parent=946"}],"curies":[{"name":"wp","href":"https:\/\/api.w.org\/{rel}","templated":true}]}}