{"id":920,"date":"2019-10-17T11:36:53","date_gmt":"2019-10-17T09:36:53","guid":{"rendered":"https:\/\/annasabate.com\/sobre-mi\/"},"modified":"2019-10-31T15:22:10","modified_gmt":"2019-10-31T14:22:10","slug":"sobre-mi","status":"publish","type":"page","link":"https:\/\/annasabate.com\/ca\/sobre-mi\/","title":{"rendered":"Sobre mi"},"content":{"rendered":"\t\t<div data-elementor-type=\"wp-page\" data-elementor-id=\"920\" class=\"elementor elementor-920 elementor-420\">\n\t\t\t\t\t\t<section class=\"elementor-section elementor-top-section elementor-element elementor-element-d25239b elementor-section-boxed elementor-section-height-default elementor-section-height-default\" data-id=\"d25239b\" data-element_type=\"section\" data-e-type=\"section\" data-settings=\"{&quot;background_background&quot;:&quot;classic&quot;}\">\n\t\t\t\t\t\t<div class=\"elementor-container elementor-column-gap-default\">\n\t\t\t\t\t<div class=\"elementor-column elementor-col-100 elementor-top-column elementor-element elementor-element-289a63d\" data-id=\"289a63d\" data-element_type=\"column\" data-e-type=\"column\">\n\t\t\t<div class=\"elementor-widget-wrap elementor-element-populated\">\n\t\t\t\t\t\t<div class=\"elementor-element elementor-element-ff6627f elementor-widget elementor-widget-image\" data-id=\"ff6627f\" data-element_type=\"widget\" data-e-type=\"widget\" data-widget_type=\"image.default\">\n\t\t\t\t\t\t\t\t\t\t\t\t\t\t\t<img fetchpriority=\"high\" decoding=\"async\" width=\"1024\" height=\"680\" src=\"https:\/\/annasabate.com\/wp-content\/uploads\/2019\/10\/CONTENIDO-BIOGRAFICO-1900-1024x680.jpg\" class=\"attachment-large size-large wp-image-869\" alt=\"\" srcset=\"https:\/\/annasabate.com\/wp-content\/uploads\/2019\/10\/CONTENIDO-BIOGRAFICO-1900-1024x680.jpg 1024w, https:\/\/annasabate.com\/wp-content\/uploads\/2019\/10\/CONTENIDO-BIOGRAFICO-1900-300x199.jpg 300w, https:\/\/annasabate.com\/wp-content\/uploads\/2019\/10\/CONTENIDO-BIOGRAFICO-1900-768x510.jpg 768w, https:\/\/annasabate.com\/wp-content\/uploads\/2019\/10\/CONTENIDO-BIOGRAFICO-1900.jpg 1900w\" sizes=\"(max-width: 1024px) 100vw, 1024px\" \/>\t\t\t\t\t\t\t\t\t\t\t\t\t\t\t<\/div>\n\t\t\t\t<div class=\"elementor-element elementor-element-b20529e elementor-invisible elementor-widget elementor-widget-heading\" data-id=\"b20529e\" data-element_type=\"widget\" data-e-type=\"widget\" data-settings=\"{&quot;_animation&quot;:&quot;fadeInLeft&quot;}\" data-widget_type=\"heading.default\">\n\t\t\t\t\t<h2 class=\"elementor-heading-title elementor-size-default\">Biografia<\/h2>\t\t\t\t<\/div>\n\t\t\t\t<div class=\"elementor-element elementor-element-2ac5764 elementor-widget elementor-widget-text-editor\" data-id=\"2ac5764\" data-element_type=\"widget\" data-e-type=\"widget\" data-widget_type=\"text-editor.default\">\n\t\t\t\t\t\t\t\t\t<p>Als 14 anys una professora de llengua catalana de l\u2019Institut de batxillerat em va agafar de la m\u00e0, i a l&#8217;estil &#8220;El club dels poetes morts&#8221;, em va convidar a formar part del grup de teatre de l&#8217;Institut. Fins llavors, havia estat una nena m\u00e9s aviat salvatge, antisocial, introvertida i plena de pors. Mai vaig arribar a imaginar que la porta que em va obrir la meva professora, Merc\u00e8 Sarda, anava a obrir la meva veritable vida. <strong>El Teatre anava a convertir-se en el meu canal d&#8217;expressi\u00f3, la meva comunicaci\u00f3 amb el m\u00f3n, l&#8217;obertura als meus sentiments i emocions<\/strong> i el mitj\u00e0 m\u00e9s efectiu i creatiu al servei de l&#8217;autoconeixement i creixement personal que mai hagi conegut.<\/p>\n<blockquote><p>El Teatre anava a convertir-se en el meu canal d&#8217;expressi\u00f3, la meva comunicaci\u00f3 amb el m\u00f3n, l&#8217;obertura als meus sentiments i emocions<\/p><\/blockquote>\n<p>Quan vaig acabar els meus estudis de secund\u00e0ria, em vaig presentar a les proves de selecci\u00f3 de <strong>l&#8217;Institut del Teatre<\/strong>, i aqu\u00ed comen\u00e7aria la meva carrera professional. La &#8220;fam&#8221; per con\u00e8ixer i explorar cada vegada m\u00e9s sobre la condici\u00f3 humana i totes les seves veritats universals, em va portar a seguir formant-me amb grans professionals del treball actoral, com Phillipe Gaulier, Anatoli Vassiliev, Owen Horsley, Andr\u00e9s Lima, Carlos Alfaro, Krystian Lupa, Javier Galit\u00f3-Cava, Rachael Adler o Centre Roy-Hart Theatre, entre molts altres.<\/p>\n<p>Paral\u00b7lelament, em vaig titular en <strong>Coaching i Lideratge<\/strong>, seguit del <strong>M\u00e0ster en PNL<\/strong>, i el va seguir el primer nivell del programa SAT de Claudio Naranjo per a educadors, on vaig aprendre a utilitzar l&#8217;eina de <strong>l&#8217;Eneagrama<\/strong>.<\/p>\n<p>La meva &#8220;fam&#8221; de coneixement em va portar a focalitzar-me en un treball m\u00e9s formatiu i personal que professional. La meva prioritat no va ser, en els meus inicis, la meva carrera com actriu, sin\u00f3 trobar el sentit, el prop\u00f2sit de les meves decisions vitals i el meu estudi personal. Aix\u00f2 em portaria a compartir-ho a totes les classes i formacions que vaig comen\u00e7ar a donar des de 1996. El desenvolupament de les meves classes, una experi\u00e8ncia basada en les eines actorals i els coneixements adquirits amb la <b>PNL<\/b>, la <b>neuroci\u00e8ncia<\/b> i la<b> Formaci\u00f3 Gestalt<\/b>,em van portar fins a Borja Vilaseca, amb el qual vaig entrar a formar part del seu equip al <b>M\u00e0ster de Desenvolupament Personal i Lideratge<\/b>.<\/p>\n<p>S\u00f3c fundadora i directora del projecte educatiu<b> Teatre i Consci\u00e8ncia<\/b>, des del qual imparteixo cursos de teatre enfocats a l\u2019autoconeixement i el creixement personal, aix\u00ed com formacions per a empreses. A dia d&#8217;avui preparo tallers i confer\u00e8ncies a mida per a qualsevol empresa que\u00a0requereixi els meus serveis. Per a aix\u00f2, combino la meva experi\u00e8ncia com a formadora, actriu i directora de teatre amb els coneixements adquirits en el <b>M\u00e0ster de\u00a0 Coaching executiu i persona<\/b> de la Universitat Pompeu Fabra.<\/p>\n<p>Com a formadora d&#8217;actors, vaig tenir el gran honor de con\u00e8ixer a Javier Galit\u00f3-Cava i Rachael Adler, Mestres en <b>T\u00e8cnica Meisner<\/b>. L&#8217;any 2014 em vaig graduar com a professora d&#8217;aquesta t\u00e8cnica i vaig ser convidada a formar part del <b>Programa de T\u00e9cnica Meisner<\/b> de Javier Galit\u00f3-Cava, al mateix temps que imparteixo classes de veu, text i interpretaci\u00f3 a <b>l&#8217;Institut del Teatre i Campus Esart<\/b>.<\/p>\n<p>L&#8217;any 2019 vaig inaugurar la meva pr\u00f2pia escola d&#8217;Arts Esc\u00e8niques, <a href=\"https:\/\/espaiphilae.com\/cat\" target=\"_blank\" rel=\"noopener\">Espai Philae<\/a>, al servei del desenvolupament personal i el despertar de la consci\u00e8ncia.<\/p>\n<p>En definitiva, tota la meva carrera est\u00e0 \u00edntimament lligada a la meva vida, i tots els descobriments de la meva vida estan relacionats amb tots els coneixements que comparteixo, tots els valors que transmeto i tot l&#8217;amor i respecte que sento per cada \u00e9sser hum\u00e0 que es posa a les meves mans. L&#8217;espai que ofereixo \u00e9s un <strong>espai &#8220;sagrat&#8221; de confian\u00e7a, respecte, coratge i autonomia<\/strong><b>.<\/b> I a ning\u00fa convido a fer un viatge que no hagi experimentat per mi mateixa, com actriu i com a persona.<\/p>\n\t\t\t\t\t\t\t\t<\/div>\n\t\t\t\t\t<\/div>\n\t\t<\/div>\n\t\t\t\t\t<\/div>\n\t\t<\/section>\n\t\t\t\t<section class=\"elementor-section elementor-top-section elementor-element elementor-element-f4cb3ec elementor-section-boxed elementor-section-height-default elementor-section-height-default\" data-id=\"f4cb3ec\" data-element_type=\"section\" data-e-type=\"section\">\n\t\t\t\t\t\t<div class=\"elementor-container elementor-column-gap-default\">\n\t\t\t\t\t<div class=\"elementor-column elementor-col-100 elementor-top-column elementor-element elementor-element-8842d6a\" data-id=\"8842d6a\" data-element_type=\"column\" data-e-type=\"column\">\n\t\t\t<div class=\"elementor-widget-wrap elementor-element-populated\">\n\t\t\t\t\t\t<div class=\"elementor-element elementor-element-999babc elementor-widget-divider--view-line elementor-widget elementor-widget-divider\" data-id=\"999babc\" data-element_type=\"widget\" data-e-type=\"widget\" data-widget_type=\"divider.default\">\n\t\t\t\t\t\t\t<div class=\"elementor-divider\">\n\t\t\t<span class=\"elementor-divider-separator\">\n\t\t\t\t\t\t<\/span>\n\t\t<\/div>\n\t\t\t\t\t\t<\/div>\n\t\t\t\t\t<\/div>\n\t\t<\/div>\n\t\t\t\t\t<\/div>\n\t\t<\/section>\n\t\t\t\t<section class=\"elementor-section elementor-top-section elementor-element elementor-element-03d9d74 elementor-section-boxed elementor-section-height-default elementor-section-height-default\" data-id=\"03d9d74\" data-element_type=\"section\" data-e-type=\"section\" data-settings=\"{&quot;background_background&quot;:&quot;classic&quot;}\">\n\t\t\t\t\t\t<div class=\"elementor-container elementor-column-gap-default\">\n\t\t\t\t\t<div class=\"elementor-column elementor-col-50 elementor-top-column elementor-element elementor-element-6295815\" data-id=\"6295815\" data-element_type=\"column\" data-e-type=\"column\">\n\t\t\t<div class=\"elementor-widget-wrap elementor-element-populated\">\n\t\t\t\t\t\t<div class=\"elementor-element elementor-element-8e8f59f elementor-widget elementor-widget-image\" data-id=\"8e8f59f\" data-element_type=\"widget\" data-e-type=\"widget\" data-widget_type=\"image.default\">\n\t\t\t\t\t\t\t\t\t\t\t\t\t\t\t<img decoding=\"async\" width=\"800\" height=\"894\" src=\"https:\/\/annasabate.com\/wp-content\/uploads\/2019\/10\/el-teatro-para-anna-sabate.jpg\" class=\"attachment-full size-full wp-image-912\" alt=\"\" srcset=\"https:\/\/annasabate.com\/wp-content\/uploads\/2019\/10\/el-teatro-para-anna-sabate.jpg 800w, https:\/\/annasabate.com\/wp-content\/uploads\/2019\/10\/el-teatro-para-anna-sabate-268x300.jpg 268w, https:\/\/annasabate.com\/wp-content\/uploads\/2019\/10\/el-teatro-para-anna-sabate-768x858.jpg 768w\" sizes=\"(max-width: 800px) 100vw, 800px\" \/>\t\t\t\t\t\t\t\t\t\t\t\t\t\t\t<\/div>\n\t\t\t\t\t<\/div>\n\t\t<\/div>\n\t\t\t\t<div class=\"elementor-column elementor-col-50 elementor-top-column elementor-element elementor-element-4de823f\" data-id=\"4de823f\" data-element_type=\"column\" data-e-type=\"column\">\n\t\t\t<div class=\"elementor-widget-wrap elementor-element-populated\">\n\t\t\t\t\t\t<div class=\"elementor-element elementor-element-a550e9d elementor-invisible elementor-widget elementor-widget-heading\" data-id=\"a550e9d\" data-element_type=\"widget\" data-e-type=\"widget\" data-settings=\"{&quot;_animation&quot;:&quot;fadeInRight&quot;}\" data-widget_type=\"heading.default\">\n\t\t\t\t\t<h2 class=\"elementor-heading-title elementor-size-default\">Prop\u00f2sit<\/h2>\t\t\t\t<\/div>\n\t\t\t\t<div class=\"elementor-element elementor-element-c6583a5 elementor-widget__width-initial elementor-widget-tablet__width-initial elementor-widget elementor-widget-text-editor\" data-id=\"c6583a5\" data-element_type=\"widget\" data-e-type=\"widget\" data-widget_type=\"text-editor.default\">\n\t\t\t\t\t\t\t\t\t<blockquote><p>El meu prop\u00f2sit \u00e9s el despertar de la consci\u00e8ncia a trav\u00e9s de l&#8217;Art del Teatre.<\/p><\/blockquote>\n<p>Visc l&#8217;Art com un canal creatiu per on elevar el nostre estat vital i espiritual, assolint viure una vida des de la plenitud i l&#8217;autenticitat.<\/p>\n<p>M&#8217;agrada encarnar personatges que convidin a la reflexi\u00f3 i a la introspecci\u00f3, que ens facin pensar i tenir pensament cr\u00edtic, per\u00f2 sobretot que ens recordin el preci\u00f3s tresor que significa estar vius, convidant-nos a millorar les nostres vides i impactar positivament sobre el nostre entorn.<\/p>\n<p>En l&#8217;\u00e0mbit formatiu, trasllado aquesta mateixa visi\u00f3 perqu\u00e8 d&#8217;altres arribin a aquests llocs rec\u00f2ndits de l&#8217;\u00e0nima que transcendeixen la nostra identificaci\u00f3 amb l&#8217;ego.<\/p>\n\t\t\t\t\t\t\t\t<\/div>\n\t\t\t\t\t<\/div>\n\t\t<\/div>\n\t\t\t\t\t<\/div>\n\t\t<\/section>\n\t\t\t\t<section class=\"elementor-section elementor-top-section elementor-element elementor-element-040696f elementor-reverse-mobile elementor-section-boxed elementor-section-height-default elementor-section-height-default\" data-id=\"040696f\" data-element_type=\"section\" data-e-type=\"section\" data-settings=\"{&quot;background_background&quot;:&quot;classic&quot;}\">\n\t\t\t\t\t\t<div class=\"elementor-container elementor-column-gap-default\">\n\t\t\t\t\t<div class=\"elementor-column elementor-col-50 elementor-top-column elementor-element elementor-element-c41f854\" data-id=\"c41f854\" data-element_type=\"column\" data-e-type=\"column\">\n\t\t\t<div class=\"elementor-widget-wrap elementor-element-populated\">\n\t\t\t\t\t\t<div class=\"elementor-element elementor-element-532ec12 elementor-invisible elementor-widget elementor-widget-heading\" data-id=\"532ec12\" data-element_type=\"widget\" data-e-type=\"widget\" data-settings=\"{&quot;_animation&quot;:&quot;fadeInLeft&quot;}\" data-widget_type=\"heading.default\">\n\t\t\t\t\t<h2 class=\"elementor-heading-title elementor-size-default\">Espai Philae<\/h2>\t\t\t\t<\/div>\n\t\t\t\t<div class=\"elementor-element elementor-element-f98144d elementor-widget elementor-widget-text-editor\" data-id=\"f98144d\" data-element_type=\"widget\" data-e-type=\"widget\" data-widget_type=\"text-editor.default\">\n\t\t\t\t\t\t\t\t\t<blockquote><p>Un espai on podem experimentar, con\u00e8ixer, superar, gestionar, descobrir, confiar, i sobretot,\u00a0VIURE plenament.<\/p><\/blockquote>\n<p><span lang=\"es-ES\">Espai Philae representa la llar de Teatre i Consci\u00e8ncia M\u00e8tode Sabat\u00e9 \u00a9, una invitaci\u00f3 a con\u00e8ixer una ampli ventall de possibilitats formatives a trav\u00e9s de les Arts Esc\u00e8niques, enfocades a tota persona que vulgui avan\u00e7ar en el seu proc\u00e9s personal a trav\u00e9s del desenvolupament del seu potencial hum\u00e0<\/span>.<\/p>\n\t\t\t\t\t\t\t\t<\/div>\n\t\t\t\t<div class=\"elementor-element elementor-element-8e5fff9 elementor-align-right elementor-widget elementor-widget-button\" data-id=\"8e5fff9\" data-element_type=\"widget\" data-e-type=\"widget\" data-widget_type=\"button.default\">\n\t\t\t\t\t\t\t\t\t\t<a class=\"elementor-button elementor-button-link elementor-size-sm\" href=\"https:\/\/espaiphilae.com\/cat\">\n\t\t\t\t\t\t<span class=\"elementor-button-content-wrapper\">\n\t\t\t\t\t\t\t\t\t<span class=\"elementor-button-text\">www.espaiphilae.com<\/span>\n\t\t\t\t\t<\/span>\n\t\t\t\t\t<\/a>\n\t\t\t\t\t\t\t\t<\/div>\n\t\t\t\t\t<\/div>\n\t\t<\/div>\n\t\t\t\t<div class=\"elementor-column elementor-col-50 elementor-top-column elementor-element elementor-element-30c3a53\" data-id=\"30c3a53\" data-element_type=\"column\" data-e-type=\"column\">\n\t\t\t<div class=\"elementor-widget-wrap elementor-element-populated\">\n\t\t\t\t\t\t<div class=\"elementor-element elementor-element-ed311e4 elementor-widget elementor-widget-image\" data-id=\"ed311e4\" data-element_type=\"widget\" data-e-type=\"widget\" data-widget_type=\"image.default\">\n\t\t\t\t\t\t\t\t\t\t\t\t\t\t\t<img decoding=\"async\" src=\"https:\/\/annasabate.com\/wp-content\/uploads\/elementor\/thumbs\/guerrero-slider-q5s6nm6zeiaudk4q7vhssnf90hwhes9361iecs7o3s.jpg\" title=\"guerrero-slider\" alt=\"guerrero-slider\" loading=\"lazy\" \/>\t\t\t\t\t\t\t\t\t\t\t\t\t\t\t<\/div>\n\t\t\t\t\t<\/div>\n\t\t<\/div>\n\t\t\t\t\t<\/div>\n\t\t<\/section>\n\t\t\t\t<section class=\"elementor-section elementor-top-section elementor-element elementor-element-695e338e elementor-section-boxed elementor-section-height-default elementor-section-height-default\" data-id=\"695e338e\" data-element_type=\"section\" data-e-type=\"section\" data-settings=\"{&quot;background_background&quot;:&quot;classic&quot;}\">\n\t\t\t\t\t\t<div class=\"elementor-container elementor-column-gap-default\">\n\t\t\t\t\t<div class=\"elementor-column elementor-col-100 elementor-top-column elementor-element elementor-element-634b0b8b\" data-id=\"634b0b8b\" data-element_type=\"column\" data-e-type=\"column\">\n\t\t\t<div class=\"elementor-widget-wrap elementor-element-populated\">\n\t\t\t\t\t\t<div class=\"elementor-element elementor-element-a7291cc elementor-widget-divider--view-line elementor-widget elementor-widget-divider\" data-id=\"a7291cc\" data-element_type=\"widget\" data-e-type=\"widget\" data-widget_type=\"divider.default\">\n\t\t\t\t\t\t\t<div class=\"elementor-divider\">\n\t\t\t<span class=\"elementor-divider-separator\">\n\t\t\t\t\t\t<\/span>\n\t\t<\/div>\n\t\t\t\t\t\t<\/div>\n\t\t\t\t\t<\/div>\n\t\t<\/div>\n\t\t\t\t\t<\/div>\n\t\t<\/section>\n\t\t\t\t<section class=\"elementor-section elementor-top-section elementor-element elementor-element-3f6b703 elementor-section-boxed elementor-section-height-default elementor-section-height-default\" data-id=\"3f6b703\" data-element_type=\"section\" data-e-type=\"section\" data-settings=\"{&quot;background_background&quot;:&quot;classic&quot;}\">\n\t\t\t\t\t\t<div class=\"elementor-container elementor-column-gap-default\">\n\t\t\t\t\t<div class=\"elementor-column elementor-col-50 elementor-top-column elementor-element elementor-element-6d4258a\" data-id=\"6d4258a\" data-element_type=\"column\" data-e-type=\"column\">\n\t\t\t<div class=\"elementor-widget-wrap elementor-element-populated\">\n\t\t\t\t\t\t<div class=\"elementor-element elementor-element-7c8be45 elementor-widget elementor-widget-image\" data-id=\"7c8be45\" data-element_type=\"widget\" data-e-type=\"widget\" data-widget_type=\"image.default\">\n\t\t\t\t\t\t\t\t\t\t\t\t\t\t\t<img decoding=\"async\" width=\"800\" height=\"1008\" src=\"https:\/\/annasabate.com\/wp-content\/uploads\/2019\/10\/TEATRO-Y-CONSCIENCIA-METODO-SABATE2.jpg\" class=\"attachment-full size-full wp-image-909\" alt=\"\" srcset=\"https:\/\/annasabate.com\/wp-content\/uploads\/2019\/10\/TEATRO-Y-CONSCIENCIA-METODO-SABATE2.jpg 800w, https:\/\/annasabate.com\/wp-content\/uploads\/2019\/10\/TEATRO-Y-CONSCIENCIA-METODO-SABATE2-238x300.jpg 238w, https:\/\/annasabate.com\/wp-content\/uploads\/2019\/10\/TEATRO-Y-CONSCIENCIA-METODO-SABATE2-768x968.jpg 768w\" sizes=\"(max-width: 800px) 100vw, 800px\" \/>\t\t\t\t\t\t\t\t\t\t\t\t\t\t\t<\/div>\n\t\t\t\t\t<\/div>\n\t\t<\/div>\n\t\t\t\t<div class=\"elementor-column elementor-col-50 elementor-top-column elementor-element elementor-element-87e3412\" data-id=\"87e3412\" data-element_type=\"column\" data-e-type=\"column\">\n\t\t\t<div class=\"elementor-widget-wrap elementor-element-populated\">\n\t\t\t\t\t\t<div class=\"elementor-element elementor-element-7d2a990 elementor-invisible elementor-widget elementor-widget-heading\" data-id=\"7d2a990\" data-element_type=\"widget\" data-e-type=\"widget\" data-settings=\"{&quot;_animation&quot;:&quot;fadeInRight&quot;}\" data-widget_type=\"heading.default\">\n\t\t\t\t\t<h2 class=\"elementor-heading-title elementor-size-default\">Qu\u00e8 \u00e9s Teatre i Consci\u00e8ncia M\u00e8tode Sabat\u00e9 \u00a9<\/h2>\t\t\t\t<\/div>\n\t\t\t\t<div class=\"elementor-element elementor-element-cc4a546 elementor-widget elementor-widget-text-editor\" data-id=\"cc4a546\" data-element_type=\"widget\" data-e-type=\"widget\" data-widget_type=\"text-editor.default\">\n\t\t\t\t\t\t\t\t\t<p><span lang=\"es-ES\">Teatre i Consci\u00e8ncia M\u00e8tode Sabat\u00e9 \u00a9 \u00e9s un projecte educatiu on l&#8217;Art i el Teatre es converteixen en un canal per al despertar de la consci\u00e8ncia i la presa de responsabilitat personal per aconseguir liderar les nostres vides.<\/span><\/p>\n<blockquote><p>Visc l&#8217;Art com un canal creatiu per on elevar el nostre estat vital i espiritual, aconseguint viure una vida des de la plenitud i l&#8217;autenticitat.<\/p><\/blockquote>\n<p><span lang=\"es-ES\">Els cursos s\u00f3n vivencials. Passes per l&#8217;experi\u00e8ncia que et condueix al coneixement profund de la condici\u00f3 humana. Coneixent-te a tu mateix desenvolupes la capacitat emp\u00e0tica, l&#8217;escolta i la compassi\u00f3 i millores les relacions interpersonals, per, finalment, prendre responsabilitat de l&#8217;impacte de les teves accions en el teu entorn. Per aix\u00f2 acompanyo l\u2019alumne\/a cap a una connexi\u00f3 emocional profunda i l\u2019empenyo a prendre decisions des de la pulsi\u00f3 creativa cap a accions capaces de transformar les nostres vides i posar-les al servei del nostre prop\u00f2sit i realitzaci\u00f3 personal.<\/span><\/p>\n\t\t\t\t\t\t\t\t<\/div>\n\t\t\t\t\t<\/div>\n\t\t<\/div>\n\t\t\t\t\t<\/div>\n\t\t<\/section>\n\t\t\t\t<\/div>\n\t\t","protected":false},"excerpt":{"rendered":"<p>Biografia Als 14 anys una professora de llengua catalana de l\u2019Institut de batxillerat em va agafar de la m\u00e0, i a l&#8217;estil &#8220;El club dels poetes morts&#8221;, em va convidar a formar part del grup de teatre de l&#8217;Institut. Fins llavors, havia estat una nena m\u00e9s aviat salvatge, antisocial, introvertida i plena de pors. Mai [&hellip;]<\/p>\n","protected":false},"author":1,"featured_media":0,"parent":0,"menu_order":0,"comment_status":"closed","ping_status":"closed","template":"","meta":{"site-sidebar-layout":"default","site-content-layout":"page-builder","ast-site-content-layout":"default","site-content-style":"default","site-sidebar-style":"default","ast-global-header-display":"","ast-banner-title-visibility":"","ast-main-header-display":"","ast-hfb-above-header-display":"","ast-hfb-below-header-display":"","ast-hfb-mobile-header-display":"","site-post-title":"","ast-breadcrumbs-content":"","ast-featured-img":"","footer-sml-layout":"","theme-transparent-header-meta":"default","adv-header-id-meta":"","stick-header-meta":"","header-above-stick-meta":"","header-main-stick-meta":"","header-below-stick-meta":"","astra-migrate-meta-layouts":"default","ast-page-background-enabled":"default","ast-page-background-meta":{"desktop":{"background-color":"","background-image":"","background-repeat":"repeat","background-position":"center center","background-size":"auto","background-attachment":"scroll","background-type":"","background-media":"","overlay-type":"","overlay-color":"","overlay-opacity":"","overlay-gradient":""},"tablet":{"background-color":"","background-image":"","background-repeat":"repeat","background-position":"center center","background-size":"auto","background-attachment":"scroll","background-type":"","background-media":"","overlay-type":"","overlay-color":"","overlay-opacity":"","overlay-gradient":""},"mobile":{"background-color":"","background-image":"","background-repeat":"repeat","background-position":"center center","background-size":"auto","background-attachment":"scroll","background-type":"","background-media":"","overlay-type":"","overlay-color":"","overlay-opacity":"","overlay-gradient":""}},"ast-content-background-meta":{"desktop":{"background-color":"var(--ast-global-color-5)","background-image":"","background-repeat":"repeat","background-position":"center center","background-size":"auto","background-attachment":"scroll","background-type":"","background-media":"","overlay-type":"","overlay-color":"","overlay-opacity":"","overlay-gradient":""},"tablet":{"background-color":"var(--ast-global-color-5)","background-image":"","background-repeat":"repeat","background-position":"center center","background-size":"auto","background-attachment":"scroll","background-type":"","background-media":"","overlay-type":"","overlay-color":"","overlay-opacity":"","overlay-gradient":""},"mobile":{"background-color":"var(--ast-global-color-5)","background-image":"","background-repeat":"repeat","background-position":"center center","background-size":"auto","background-attachment":"scroll","background-type":"","background-media":"","overlay-type":"","overlay-color":"","overlay-opacity":"","overlay-gradient":""}},"footnotes":""},"class_list":["post-920","page","type-page","status-publish","hentry"],"_links":{"self":[{"href":"https:\/\/annasabate.com\/ca\/wp-json\/wp\/v2\/pages\/920","targetHints":{"allow":["GET"]}}],"collection":[{"href":"https:\/\/annasabate.com\/ca\/wp-json\/wp\/v2\/pages"}],"about":[{"href":"https:\/\/annasabate.com\/ca\/wp-json\/wp\/v2\/types\/page"}],"author":[{"embeddable":true,"href":"https:\/\/annasabate.com\/ca\/wp-json\/wp\/v2\/users\/1"}],"replies":[{"embeddable":true,"href":"https:\/\/annasabate.com\/ca\/wp-json\/wp\/v2\/comments?post=920"}],"version-history":[{"count":1,"href":"https:\/\/annasabate.com\/ca\/wp-json\/wp\/v2\/pages\/920\/revisions"}],"predecessor-version":[{"id":1246,"href":"https:\/\/annasabate.com\/ca\/wp-json\/wp\/v2\/pages\/920\/revisions\/1246"}],"wp:attachment":[{"href":"https:\/\/annasabate.com\/ca\/wp-json\/wp\/v2\/media?parent=920"}],"curies":[{"name":"wp","href":"https:\/\/api.w.org\/{rel}","templated":true}]}}