{"id":916,"date":"2019-10-17T10:21:23","date_gmt":"2019-10-17T08:21:23","guid":{"rendered":"https:\/\/annasabate.com\/home\/"},"modified":"2019-10-28T14:41:44","modified_gmt":"2019-10-28T13:41:44","slug":"home","status":"publish","type":"page","link":"https:\/\/annasabate.com\/ca\/","title":{"rendered":"Home"},"content":{"rendered":"\t\t<div data-elementor-type=\"wp-page\" data-elementor-id=\"916\" class=\"elementor elementor-916 elementor-200\">\n\t\t\t\t\t\t<section class=\"elementor-section elementor-top-section elementor-element elementor-element-4e3a91a elementor-section-full_width elementor-section-height-default elementor-section-height-default\" data-id=\"4e3a91a\" data-element_type=\"section\" data-e-type=\"section\">\n\t\t\t\t\t\t<div class=\"elementor-container elementor-column-gap-no\">\n\t\t\t\t\t<div class=\"elementor-column elementor-col-100 elementor-top-column elementor-element elementor-element-884f491\" data-id=\"884f491\" data-element_type=\"column\" data-e-type=\"column\">\n\t\t\t<div class=\"elementor-widget-wrap elementor-element-populated\">\n\t\t\t\t\t\t\t<\/div>\n\t\t<\/div>\n\t\t\t\t\t<\/div>\n\t\t<\/section>\n\t\t\t\t<section class=\"elementor-section elementor-top-section elementor-element elementor-element-723e5cf elementor-section-full_width elementor-section-height-default elementor-section-height-default\" data-id=\"723e5cf\" data-element_type=\"section\" data-e-type=\"section\">\n\t\t\t\t\t\t<div class=\"elementor-container elementor-column-gap-default\">\n\t\t\t\t\t<div class=\"elementor-column elementor-col-100 elementor-top-column elementor-element elementor-element-99fa820\" data-id=\"99fa820\" data-element_type=\"column\" data-e-type=\"column\">\n\t\t\t<div class=\"elementor-widget-wrap elementor-element-populated\">\n\t\t\t\t\t\t<div class=\"elementor-element elementor-element-a36fbc9 elementor-widget elementor-widget-heading\" data-id=\"a36fbc9\" data-element_type=\"widget\" data-e-type=\"widget\" data-widget_type=\"heading.default\">\n\t\t\t\t\t<h2 class=\"elementor-heading-title elementor-size-default\">Anna Sabat\u00e9 - l'Actriu<\/h2>\t\t\t\t<\/div>\n\t\t\t\t<div class=\"elementor-element elementor-element-dda867c elementor-widget elementor-widget-shortcode\" data-id=\"dda867c\" data-element_type=\"widget\" data-e-type=\"widget\" data-widget_type=\"shortcode.default\">\n\t\t\t\t\t\t\t<div class=\"elementor-shortcode\"><div class=\"bne-testimonial-wrapper testimonial-wrapper-id-971 testimonial-layout-slider testimonial-theme-default testimonial-left testimonial-arrangement-1 testimonial-category-la-actriz tesimonios clearfix\"><div id=\"bne-slider-id-783\" class=\"bne-testimonial-slider-wrapper\"><div class=\"slides-inner\"><div class=\"bne-testimonial-slider bne-flexslider\"><ul class=\"slides\"><li id=\"testimonial-id-968\" class=\"testimonial-single\"><div class=\"flex-content\"><div class=\"testimonial-author\"><span class=\"testimonial-name\">Marta Gil, directora de Teatre i creadora esc\u00e8nica<\/span><\/div><div class=\"testimonial-content\"><div class=\"testimonial-message\"><p>M'agrada molt treballar amb Anna Sabat\u00e9 b\u00e0sicament perqu\u00e8 \u00e9s una b\u00e8stia, una inconscient, una actriu que es llen\u00e7a a la piscina i al buit si cal, com si ignor\u00e9s el mal que pot prendre. I \u00e9s que l'Anna \u00e9s una actriu que no nom\u00e9s disposa d'un afinad\u00edssim instrument, sin\u00f3 tamb\u00e9 d'un molt bon centre. \u00c9s una persona molt treballada que sap posar-se al servei d'un projecte i captar de manera molt r\u00e0pida el llenguatge i la proposta de la direcci\u00f3 esc\u00e8nica. M'encantaria comptar sempre amb la seva col\u00b7laboraci\u00f3. La seva complicitat m'ha ajudat molt com a directora. Gr\u00e0cies Anna!<\/p>\n<\/div><\/div><div class=\"clear\"><\/div><\/div><\/li><li id=\"testimonial-id-967\" class=\"testimonial-single\"><div class=\"flex-content\"><div class=\"testimonial-author\"><span class=\"testimonial-name\">Javier Galit\u00f3-Cava, actor i director art\u00edstic de Meisner.es<\/span><\/div><div class=\"testimonial-content\"><div class=\"testimonial-message\"><p>Anna Sabat\u00e9 \u00e9s una dona de moltes maneres diferents i totes elles guarden alguna cosa en com\u00fa; la seva disposici\u00f3 i entrega a seguir creixent i aprenent. Treballar amb una Actriu amb aquests valors de fons \u00e9s, sens dubte, sempre un regal. Ser espectador del seu Art \u00e9s sempre una oportunitat per connectar amb una \u00e0nima que sent i sent sense filtre. \u00c9s entrar en un mar gran, infinit.<\/p>\n<\/div><\/div><div class=\"clear\"><\/div><\/div><\/li><li id=\"testimonial-id-966\" class=\"testimonial-single\"><div class=\"flex-content\"><div class=\"testimonial-author\"><span class=\"testimonial-name\">Andr\u00e9s Lima, director de Teatre<\/span><\/div><div class=\"testimonial-content\"><div class=\"testimonial-message\"><p>Anna Sabat\u00e9 \u00e9s un animal esc\u00e8nic, una actriu profundament creativa, generosa i emmotllable. Treballar amb ella significa llan\u00e7ar-se a la piscina amb tot el que li proposis i no deixar de sorprendre't. Explora els l\u00edmits transpirant sempre veritat i domina qualsevol registre interpretatiu. \u00c9s una actriu que sap escoltar i comprendre el que el director necessita explicar, sempre disposada a posar-se al servei de la hist\u00f2ria.<\/p>\n<\/div><\/div><div class=\"clear\"><\/div><\/div><\/li><\/ul> <!-- .slides (end) --><\/div> <!-- .bne-testimonial-slider (end) --><\/div> <!-- .slides-inner (end) --><\/div> <!-- .bne-testimonial-slider-wrapper (end) --><\/div><!-- .bne-testimonials-wrapper (end) --><\/div>\n\t\t\t\t\t\t<\/div>\n\t\t\t\t\t<\/div>\n\t\t<\/div>\n\t\t\t\t\t<\/div>\n\t\t<\/section>\n\t\t\t\t<section class=\"elementor-section elementor-top-section elementor-element elementor-element-cc678aa elementor-section-boxed elementor-section-height-default elementor-section-height-default\" data-id=\"cc678aa\" data-element_type=\"section\" data-e-type=\"section\">\n\t\t\t\t\t\t<div class=\"elementor-container elementor-column-gap-default\">\n\t\t\t\t\t<div class=\"elementor-column elementor-col-100 elementor-top-column elementor-element elementor-element-a7e49c0\" data-id=\"a7e49c0\" data-element_type=\"column\" data-e-type=\"column\">\n\t\t\t<div class=\"elementor-widget-wrap elementor-element-populated\">\n\t\t\t\t\t\t<section class=\"elementor-section elementor-inner-section elementor-element elementor-element-885e605 elementor-section-full_width elementor-section-height-default elementor-section-height-default\" data-id=\"885e605\" data-element_type=\"section\" data-e-type=\"section\">\n\t\t\t\t\t\t<div class=\"elementor-container elementor-column-gap-no\">\n\t\t\t\t\t<div class=\"elementor-column elementor-col-33 elementor-inner-column elementor-element elementor-element-8d27584 elementor-invisible\" data-id=\"8d27584\" data-element_type=\"column\" data-e-type=\"column\" data-settings=\"{&quot;background_background&quot;:&quot;classic&quot;,&quot;animation&quot;:&quot;fadeInLeft&quot;}\">\n\t\t\t<div class=\"elementor-widget-wrap elementor-element-populated\">\n\t\t\t\t\t<div class=\"elementor-background-overlay\"><\/div>\n\t\t\t\t\t\t<div class=\"elementor-element elementor-element-ed9a5c9 elementor-align-justify img-boton elementor-widget elementor-widget-button\" data-id=\"ed9a5c9\" data-element_type=\"widget\" data-e-type=\"widget\" data-widget_type=\"button.default\">\n\t\t\t\t\t\t\t\t\t\t<a class=\"elementor-button elementor-button-link elementor-size-sm\" href=\"https:\/\/annasabate.com\/ca\/sobre-mi\/\">\n\t\t\t\t\t\t<span class=\"elementor-button-content-wrapper\">\n\t\t\t\t\t\t\t\t\t<span class=\"elementor-button-text\">sobre mi<\/span>\n\t\t\t\t\t<\/span>\n\t\t\t\t\t<\/a>\n\t\t\t\t\t\t\t\t<\/div>\n\t\t\t\t\t<\/div>\n\t\t<\/div>\n\t\t\t\t<div class=\"elementor-column elementor-col-33 elementor-inner-column elementor-element elementor-element-9126dd2 elementor-invisible\" data-id=\"9126dd2\" data-element_type=\"column\" data-e-type=\"column\" data-settings=\"{&quot;background_background&quot;:&quot;classic&quot;,&quot;animation&quot;:&quot;fadeInUp&quot;}\">\n\t\t\t<div class=\"elementor-widget-wrap elementor-element-populated\">\n\t\t\t\t\t<div class=\"elementor-background-overlay\"><\/div>\n\t\t\t\t\t\t<div class=\"elementor-element elementor-element-d977c58 elementor-align-justify img-boton elementor-widget elementor-widget-button\" data-id=\"d977c58\" data-element_type=\"widget\" data-e-type=\"widget\" data-widget_type=\"button.default\">\n\t\t\t\t\t\t\t\t\t\t<a class=\"elementor-button elementor-button-link elementor-size-sm\" href=\"https:\/\/annasabate.com\/ca\/els-meus-treballs\/\">\n\t\t\t\t\t\t<span class=\"elementor-button-content-wrapper\">\n\t\t\t\t\t\t\t\t\t<span class=\"elementor-button-text\">Els meus treballs<\/span>\n\t\t\t\t\t<\/span>\n\t\t\t\t\t<\/a>\n\t\t\t\t\t\t\t\t<\/div>\n\t\t\t\t\t<\/div>\n\t\t<\/div>\n\t\t\t\t<div class=\"elementor-column elementor-col-33 elementor-inner-column elementor-element elementor-element-b049747 elementor-invisible\" data-id=\"b049747\" data-element_type=\"column\" data-e-type=\"column\" data-settings=\"{&quot;background_background&quot;:&quot;classic&quot;,&quot;animation&quot;:&quot;fadeInRight&quot;}\">\n\t\t\t<div class=\"elementor-widget-wrap elementor-element-populated\">\n\t\t\t\t\t<div class=\"elementor-background-overlay\"><\/div>\n\t\t\t\t\t\t<div class=\"elementor-element elementor-element-d8d61a7 elementor-align-justify img-boton elementor-widget elementor-widget-button\" data-id=\"d8d61a7\" data-element_type=\"widget\" data-e-type=\"widget\" data-widget_type=\"button.default\">\n\t\t\t\t\t\t\t\t\t\t<a class=\"elementor-button elementor-button-link elementor-size-sm\" href=\"https:\/\/annasabate.com\/ca\/videobook\/\">\n\t\t\t\t\t\t<span class=\"elementor-button-content-wrapper\">\n\t\t\t\t\t\t\t\t\t<span class=\"elementor-button-text\">videobook<\/span>\n\t\t\t\t\t<\/span>\n\t\t\t\t\t<\/a>\n\t\t\t\t\t\t\t\t<\/div>\n\t\t\t\t\t<\/div>\n\t\t<\/div>\n\t\t\t\t\t<\/div>\n\t\t<\/section>\n\t\t\t\t\t<\/div>\n\t\t<\/div>\n\t\t\t\t\t<\/div>\n\t\t<\/section>\n\t\t\t\t<section class=\"elementor-section elementor-top-section elementor-element elementor-element-be3f798 elementor-section-full_width elementor-section-height-default elementor-section-height-default\" data-id=\"be3f798\" data-element_type=\"section\" data-e-type=\"section\" data-settings=\"{&quot;background_background&quot;:&quot;classic&quot;}\">\n\t\t\t\t\t\t<div class=\"elementor-container elementor-column-gap-default\">\n\t\t\t\t\t<div class=\"elementor-column elementor-col-100 elementor-top-column elementor-element elementor-element-bbf978d\" data-id=\"bbf978d\" data-element_type=\"column\" data-e-type=\"column\">\n\t\t\t<div class=\"elementor-widget-wrap elementor-element-populated\">\n\t\t\t\t\t\t<div class=\"elementor-element elementor-element-f809725 elementor-widget elementor-widget-heading\" data-id=\"f809725\" data-element_type=\"widget\" data-e-type=\"widget\" data-widget_type=\"heading.default\">\n\t\t\t\t\t<h2 class=\"elementor-heading-title elementor-size-default\">Anna Sabat\u00e9 - la Formadora<\/h2>\t\t\t\t<\/div>\n\t\t\t\t<div class=\"elementor-element elementor-element-900855a elementor-widget elementor-widget-shortcode\" data-id=\"900855a\" data-element_type=\"widget\" data-e-type=\"widget\" data-widget_type=\"shortcode.default\">\n\t\t\t\t\t\t\t<div class=\"elementor-shortcode\"><div class=\"bne-testimonial-wrapper testimonial-wrapper-id-768 testimonial-layout-slider testimonial-theme-default testimonial-left testimonial-arrangement-1 testimonial-category-la-formadora tesimonios clearfix\"><div id=\"bne-slider-id-663\" class=\"bne-testimonial-slider-wrapper\"><div class=\"slides-inner\"><div class=\"bne-testimonial-slider bne-flexslider\"><ul class=\"slides\"><li id=\"testimonial-id-974\" class=\"testimonial-single\"><div class=\"flex-content\"><div class=\"testimonial-author\"><span class=\"testimonial-name\">Juan Carlos Capilla, Director del Patronat de Turisme de Salou<\/span><\/div><div class=\"testimonial-content\"><div class=\"testimonial-message\"><p>Ha estat una aut\u00e8ntica guia setmanal del meu actual proc\u00e9s de transformaci\u00f3 i de canvi. La seva habilitat per detectar pors, potencialitats, creences i talents ha estat aut\u00e8ntic or per a mi. Despr\u00e9s de la implacable i s\u00f2lida professora he descobert que existia qualitat humana i determinaci\u00f3 real i em sento enormement agra\u00eft per la seva honestedat i per ser tan respectuosa amb el treball i proc\u00e9s individual.<\/p>\n<\/div><\/div><div class=\"clear\"><\/div><\/div><\/li><li id=\"testimonial-id-975\" class=\"testimonial-single\"><div class=\"flex-content\"><div class=\"testimonial-author\"><span class=\"testimonial-name\">Oriol Segarra, Conseller Delegat\/CEO Uriach<\/span><\/div><div class=\"testimonial-content\"><div class=\"testimonial-message\"><p>L'Anna amaga, darrere de la seva cara m\u00e9s coneguda com a excel\u00b7lent actriu, una faceta incre\u00efblement sorprenent: la de catalitzadora de canvis i creixement de les persones d'un equip directiu. L'Anna t\u00e9 un instint per a con\u00e8ixer a les persones per dins, i treure d'elles les seves pors, complexos, virtuts i potencial d'una forma que no havia vist mai abans. La seva capacitat per unir i fer cr\u00e9ixer (com a professionals i, sobretot, com a persones) a un equip directiu \u00e9s sorprenent. Per\u00f2 fins que no ho proves, no pots fer-te la idea. Aix\u00ed que la meva recomanaci\u00f3 \u00e9s simple: treballa amb ella, no te\u2019n penedir\u00e0s.<\/p>\n<\/div><\/div><div class=\"clear\"><\/div><\/div><\/li><li id=\"testimonial-id-971\" class=\"testimonial-single\"><div class=\"flex-content\"><div class=\"testimonial-author\"><span class=\"testimonial-name\">Marit\u00e9 Queral, ballarina i performer<\/span><\/div><div class=\"testimonial-content\"><div class=\"testimonial-message\"><p>L'Anna \u00e9s d'aquest tipus de professionals que mai es rendeixen, que escolten des del cor als seus alumnes, sabent a cada moment qu\u00e8 dir-los perqu\u00e8 ells mateixos visquin l'experi\u00e8ncia i la comprenguin en el seu cos. T\u00e9 el do de la comunicaci\u00f3 i ha apr\u00e8s amb els millors. T'acompanyar\u00e0 en tot el proc\u00e9s i no t'abandonar\u00e0. Ha estat i \u00e9s una gran inspiradora en tot el meu treball i en els meus projectes futurs. Recomano encaridament provar l'experi\u00e8ncia amb aquesta bella i adorable dona de ferro.<\/p>\n<\/div><\/div><div class=\"clear\"><\/div><\/div><\/li><li id=\"testimonial-id-969\" class=\"testimonial-single\"><div class=\"flex-content\"><div class=\"testimonial-author\"><span class=\"testimonial-name\">Christian Stamm, Actor<\/span><\/div><div class=\"testimonial-content\"><div class=\"testimonial-message\"><p>Sempre he estat un gran admirador d'Anna Sabat\u00e9 actriu. Finalment vaig poder gaudir d'una Anna professora que era un aut\u00e8ntic delit. La seva sensibilitat i empatia li permet mirar a trav\u00e9s teu, i acompanyar-te en el teu descobriment personal i actoral fins a profunditats insospitades de tu mateix.<\/p>\n<\/div><\/div><div class=\"clear\"><\/div><\/div><\/li><li id=\"testimonial-id-973\" class=\"testimonial-single\"><div class=\"flex-content\"><div class=\"testimonial-author\"><span class=\"testimonial-name\">Anna Vila, professora en PNL i coach<\/span><\/div><div class=\"testimonial-content\"><div class=\"testimonial-message\"><p>La forma en qu\u00e8 ha guiat la classe i els exercicis ... tot ha flu\u00eft de manera natural en mi. I alhora ha sabut \"estr\u00e8nyer\" quan la situaci\u00f3 ho requeria ... La seva immensa capacitat d'escolta, ha provocat que hagi tingut ganes de sortir de la meva zona de confort. El meu cos ho ha fet sol. No tinc la sensaci\u00f3 d'haver treballat. Sin\u00f3 la d'haver flu\u00eft.<\/p>\n<\/div><\/div><div class=\"clear\"><\/div><\/div><\/li><li id=\"testimonial-id-970\" class=\"testimonial-single\"><div class=\"flex-content\"><div class=\"testimonial-author\"><span class=\"testimonial-name\">Jose P\u00e9rez, Actor<\/span><\/div><div class=\"testimonial-content\"><div class=\"testimonial-message\"><p>Anna Sabat\u00e9 \u00e9s la persona responsable que torn\u00e9s a enamorar-me de l'ofici d'actor i al mateix temps de respectar-lo com aquest es mereix. No s\u00f3n ni el seu rigor ni la seva exig\u00e8ncia el que treu el millor dels seus alumnes. \u00c9s la saviesa per pr\u00e9mer les tecles adequades, el valor i la generositat per acompanyar-te a cada pas d'un proc\u00e9s emocionant, bonic i enriquidor.<\/p>\n<\/div><\/div><div class=\"clear\"><\/div><\/div><\/li><\/ul> <!-- .slides (end) --><\/div> <!-- .bne-testimonial-slider (end) --><\/div> <!-- .slides-inner (end) --><\/div> <!-- .bne-testimonial-slider-wrapper (end) --><\/div><!-- .bne-testimonials-wrapper (end) --><\/div>\n\t\t\t\t\t\t<\/div>\n\t\t\t\t\t<\/div>\n\t\t<\/div>\n\t\t\t\t\t<\/div>\n\t\t<\/section>\n\t\t\t\t<section class=\"elementor-section elementor-top-section elementor-element elementor-element-855683f elementor-section-height-min-height elementor-section-full_width elementor-section-height-default elementor-section-items-middle\" data-id=\"855683f\" data-element_type=\"section\" data-e-type=\"section\" data-settings=\"{&quot;background_background&quot;:&quot;classic&quot;}\">\n\t\t\t\t\t\t\t<div class=\"elementor-background-overlay\"><\/div>\n\t\t\t\t\t\t\t<div class=\"elementor-container elementor-column-gap-default\">\n\t\t\t\t\t<div class=\"elementor-column elementor-col-100 elementor-top-column elementor-element elementor-element-4c12e19\" data-id=\"4c12e19\" data-element_type=\"column\" data-e-type=\"column\">\n\t\t\t<div class=\"elementor-widget-wrap elementor-element-populated\">\n\t\t\t\t\t\t<div class=\"elementor-element elementor-element-292ddf4 elementor-invisible elementor-widget elementor-widget-text-editor\" data-id=\"292ddf4\" data-element_type=\"widget\" data-e-type=\"widget\" data-settings=\"{&quot;_animation&quot;:&quot;fadeInLeft&quot;}\" data-widget_type=\"text-editor.default\">\n\t\t\t\t\t\t\t\t\t<p><span style=\"color: #ffffff;\">T&#8217;atreveixes a iniciar el viatge interior<br \/>\nm\u00e9s fascinant de la teva vida?<\/span><\/p>\n\t\t\t\t\t\t\t\t<\/div>\n\t\t\t\t<div class=\"elementor-element elementor-element-8984aa7 elementor-widget-divider--view-line elementor-invisible elementor-widget elementor-widget-divider\" data-id=\"8984aa7\" data-element_type=\"widget\" data-e-type=\"widget\" data-settings=\"{&quot;_animation&quot;:&quot;fadeIn&quot;,&quot;_animation_delay&quot;:400}\" data-widget_type=\"divider.default\">\n\t\t\t\t\t\t\t<div class=\"elementor-divider\">\n\t\t\t<span class=\"elementor-divider-separator\">\n\t\t\t\t\t\t<\/span>\n\t\t<\/div>\n\t\t\t\t\t\t<\/div>\n\t\t\t\t<div class=\"elementor-element elementor-element-6a4e73c animated-slow elementor-invisible elementor-widget elementor-widget-text-editor\" data-id=\"6a4e73c\" data-element_type=\"widget\" data-e-type=\"widget\" data-settings=\"{&quot;_animation&quot;:&quot;fadeInRight&quot;,&quot;_animation_delay&quot;:500}\" data-widget_type=\"text-editor.default\">\n\t\t\t\t\t\t\t\t\t<p>Desitges con\u00e8ixer tots els recursos personals<br \/>\ni professionals que t&#8217;ofereix la pr\u00e0ctica teatral?<\/p>\n\t\t\t\t\t\t\t\t<\/div>\n\t\t\t\t<div class=\"elementor-element elementor-element-40adf4f elementor-align-right elementor-mobile-align-center elementor-widget elementor-widget-button\" data-id=\"40adf4f\" data-element_type=\"widget\" data-e-type=\"widget\" data-widget_type=\"button.default\">\n\t\t\t\t\t\t\t\t\t\t<a class=\"elementor-button elementor-button-link elementor-size-sm\" href=\"https:\/\/espaiphilae.com\/ca\">\n\t\t\t\t\t\t<span class=\"elementor-button-content-wrapper\">\n\t\t\t\t\t\t\t\t\t<span class=\"elementor-button-text\">Descobreix on i com<\/span>\n\t\t\t\t\t<\/span>\n\t\t\t\t\t<\/a>\n\t\t\t\t\t\t\t\t<\/div>\n\t\t\t\t\t<\/div>\n\t\t<\/div>\n\t\t\t\t\t<\/div>\n\t\t<\/section>\n\t\t\t\t<\/div>\n\t\t","protected":false},"excerpt":{"rendered":"<p>Anna Sabat\u00e9 &#8211; l&#8217;Actriu sobre mi Els meus treballs videobook Anna Sabat\u00e9 &#8211; la Formadora T&#8217;atreveixes a iniciar el viatge interior m\u00e9s fascinant de la teva vida? Desitges con\u00e8ixer tots els recursos personals i professionals que t&#8217;ofereix la pr\u00e0ctica teatral? Descobreix on i com<\/p>\n","protected":false},"author":1,"featured_media":0,"parent":0,"menu_order":0,"comment_status":"closed","ping_status":"closed","template":"","meta":{"site-sidebar-layout":"default","site-content-layout":"page-builder","ast-site-content-layout":"default","site-content-style":"default","site-sidebar-style":"default","ast-global-header-display":"","ast-banner-title-visibility":"","ast-main-header-display":"","ast-hfb-above-header-display":"","ast-hfb-below-header-display":"","ast-hfb-mobile-header-display":"","site-post-title":"disabled","ast-breadcrumbs-content":"","ast-featured-img":"","footer-sml-layout":"","theme-transparent-header-meta":"default","adv-header-id-meta":"","stick-header-meta":"","header-above-stick-meta":"","header-main-stick-meta":"","header-below-stick-meta":"","astra-migrate-meta-layouts":"default","ast-page-background-enabled":"default","ast-page-background-meta":{"desktop":{"background-color":"","background-image":"","background-repeat":"repeat","background-position":"center center","background-size":"auto","background-attachment":"scroll","background-type":"","background-media":"","overlay-type":"","overlay-color":"","overlay-opacity":"","overlay-gradient":""},"tablet":{"background-color":"","background-image":"","background-repeat":"repeat","background-position":"center center","background-size":"auto","background-attachment":"scroll","background-type":"","background-media":"","overlay-type":"","overlay-color":"","overlay-opacity":"","overlay-gradient":""},"mobile":{"background-color":"","background-image":"","background-repeat":"repeat","background-position":"center center","background-size":"auto","background-attachment":"scroll","background-type":"","background-media":"","overlay-type":"","overlay-color":"","overlay-opacity":"","overlay-gradient":""}},"ast-content-background-meta":{"desktop":{"background-color":"var(--ast-global-color-5)","background-image":"","background-repeat":"repeat","background-position":"center center","background-size":"auto","background-attachment":"scroll","background-type":"","background-media":"","overlay-type":"","overlay-color":"","overlay-opacity":"","overlay-gradient":""},"tablet":{"background-color":"var(--ast-global-color-5)","background-image":"","background-repeat":"repeat","background-position":"center center","background-size":"auto","background-attachment":"scroll","background-type":"","background-media":"","overlay-type":"","overlay-color":"","overlay-opacity":"","overlay-gradient":""},"mobile":{"background-color":"var(--ast-global-color-5)","background-image":"","background-repeat":"repeat","background-position":"center center","background-size":"auto","background-attachment":"scroll","background-type":"","background-media":"","overlay-type":"","overlay-color":"","overlay-opacity":"","overlay-gradient":""}},"footnotes":""},"class_list":["post-916","page","type-page","status-publish","hentry"],"_links":{"self":[{"href":"https:\/\/annasabate.com\/ca\/wp-json\/wp\/v2\/pages\/916","targetHints":{"allow":["GET"]}}],"collection":[{"href":"https:\/\/annasabate.com\/ca\/wp-json\/wp\/v2\/pages"}],"about":[{"href":"https:\/\/annasabate.com\/ca\/wp-json\/wp\/v2\/types\/page"}],"author":[{"embeddable":true,"href":"https:\/\/annasabate.com\/ca\/wp-json\/wp\/v2\/users\/1"}],"replies":[{"embeddable":true,"href":"https:\/\/annasabate.com\/ca\/wp-json\/wp\/v2\/comments?post=916"}],"version-history":[{"count":0,"href":"https:\/\/annasabate.com\/ca\/wp-json\/wp\/v2\/pages\/916\/revisions"}],"wp:attachment":[{"href":"https:\/\/annasabate.com\/ca\/wp-json\/wp\/v2\/media?parent=916"}],"curies":[{"name":"wp","href":"https:\/\/api.w.org\/{rel}","templated":true}]}}